{"id":87,"date":"2022-06-11T15:05:02","date_gmt":"2022-06-11T18:05:02","guid":{"rendered":"https:\/\/felin.pro.br\/?page_id=87"},"modified":"2022-11-04T21:41:59","modified_gmt":"2022-11-05T00:41:59","slug":"inscricoes","status":"publish","type":"page","link":"https:\/\/felin.pro.br\/index.php\/inscricoes\/","title":{"rendered":"Inscri\u00e7\u00f5es"},"content":{"rendered":"\n<figure class=\"wp-block-image size-large\"><img loading=\"lazy\" width=\"1000\" height=\"200\" src=\"https:\/\/felin.pro.br\/wp-content\/uploads\/2022\/06\/Cabecalhos-FELIN.png\" alt=\"\" class=\"wp-image-113\" srcset=\"https:\/\/felin.pro.br\/wp-content\/uploads\/2022\/06\/Cabecalhos-FELIN.png 1000w, https:\/\/felin.pro.br\/wp-content\/uploads\/2022\/06\/Cabecalhos-FELIN-300x60.png 300w, https:\/\/felin.pro.br\/wp-content\/uploads\/2022\/06\/Cabecalhos-FELIN-768x154.png 768w\" sizes=\"(max-width: 1000px) 100vw, 1000px\" \/><\/figure>\n\n\n\n<h2 class=\"has-text-align-center\">EVENTO PRESENCIAL <\/h2>\n\n\n\n<p class=\"has-text-align-center\"><\/p>\n\n\n\n<p><strong>OUVINTES<\/strong> (SEM APRESENTA\u00c7\u00c3O DE TRABALHOS)<\/p>\n\n\n\n<p><em>Alunos, professores e demais profissionais<\/em>: R$ 50,00<\/p>\n\n\n\n<p><em>Alunos de gradua\u00e7\u00e3o<\/em>: isentos de taxa<\/p>\n\n\n\n<p>Forma de pagamento da taxa:<strong> PIX<\/strong> &#8211;  felin.letrasuerj@gmail.com<\/p>\n\n\n\n<div class=\"wp-block-buttons is-content-justification-right\">\n<div class=\"wp-block-button\"><a class=\"wp-block-button__link\" href=\"https:\/\/forms.gle\/C6ymAx4rMECfxGSb7\" target=\"_blank\" rel=\"noreferrer noopener\">Inscri\u00e7\u00e3o como ouvinte<\/a><\/div>\n<\/div>\n\n\n\n<hr class=\"wp-block-separator\"\/>\n\n\n\n<p><strong>PARTICIPANTES<\/strong> (COM APRESENTA\u00c7\u00c3O DE TRABALHOS)<\/p>\n\n\n\n<p><strong>Quaisquer categorias<\/strong>: R$ 100,00 <\/p>\n\n\n\n<p>Forma de pagamento da taxa:<strong> PIX<\/strong> &#8211; felin.letrasuerj@gmail.com<\/p>\n\n\n\n<p>Para se inscrever clique em <a href=\"https:\/\/felin.pro.br\/index.php\/grupos-de-trabalho\/\">Grupos de Trabalho<\/a><\/p>\n\n\n\n<p><strong>Obs.<\/strong>: textos completos para publica\u00e7\u00e3o ser\u00e3o recebidos <strong><span class=\"has-inline-color has-vivid-red-color\">somente at\u00e9 o dia <\/span><span class=\"has-inline-color has-cyan-bluish-gray-color\"><s>12\/10\/2022<\/s><\/span><\/strong> <span class=\"has-inline-color has-vivid-red-color\"><strong>04\/11\/2022.<\/strong><\/span><\/p>\n\n\n\n<p><strong>Os textos devem ser enviados para o e-mail do evento<\/strong>, conforme indicado em  &#8220;<a rel=\"noreferrer noopener\" href=\"https:\/\/felin.pro.br\/index.php\/perguntas-frequentes\/\" target=\"_blank\">Perguntas Frequentes<\/a>&#8220;. <\/p>\n\n\n\n<p><strong>Normas para submiss\u00e3o dos resumos e apresenta\u00e7\u00e3o nos GTs<\/strong> <\/p>\n\n\n\n<ol type=\"1\"><li>Cada participante poder\u00e1 ser autor(a) de apenas 1 (um) trabalho por turno (manh\u00e3\/tarde). <\/li><li>Os trabalhos de alunos de gradua\u00e7\u00e3o devem ser obrigatoriamente submetidos em coautoria com um docente-orientador. <\/li><li>Cada trabalho poder\u00e1 ter no m\u00e1ximo dois coautores, incluindo o (a) docente orientador(a).<\/li><li>As propostas dever\u00e3o ser submetidas atrav\u00e9s do formul\u00e1rio de inscri\u00e7\u00e3o correspondente. Apenar o autor principal precisa preencher o formul\u00e1rio de inscri\u00e7\u00e3o e indicar os nomes de todos os coautores. Autor(a) e coautores dever\u00e3o pagar a taxa de inscri\u00e7\u00e3o. <\/li><li>No resumo da proposta devem constar:<\/li><\/ol>\n\n\n\n<p>-T\u00edtulo<\/p>\n\n\n\n<p>-Texto do Resumo: entre 150 e 300 palavras<\/p>\n\n\n\n<p>-Palavras-chave: 03 palavras-chave, separadas por v\u00edrgula.<\/p>\n\n\n\n<p>6. Prazo para o envio dos resumos: <strong><span class=\"has-inline-color has-vivid-red-color\">de 08 de julho a<\/span><\/strong><span class=\"has-inline-color has-cyan-bluish-gray-color\"><strong> <s>08 de setembro<\/s><\/strong> <\/span><strong><span class=\"has-inline-color has-vivid-red-color\">25 de setembro<\/span><\/strong><\/p>\n\n\n\n<p><strong>ATEN\u00c7\u00c3O<\/strong>: Os proponentes devem aguardar o envio de Carta de Aceite pelo(a) coordenador(a) do GT, quando dever\u00e1 ser conclu\u00edda a inscri\u00e7\u00e3o atrav\u00e9s do pagamento da taxa de inscri\u00e7\u00e3o. N\u00e3o haver\u00e1 devolu\u00e7\u00e3o de valor caso o trabalho n\u00e3o seja aprovado. Antes da realiza\u00e7\u00e3o do evento ser\u00e1 divulgada LISTAGEM DE TRABALHOS ACEITOS neste site<\/p>\n\n\n\n<p><em><strong><span class=\"has-inline-color has-vivid-cyan-blue-color\">Ainda tem d\u00favidas? <\/span><\/strong><\/em><\/p>\n\n\n\n<p><span class=\"has-inline-color has-vivid-cyan-blue-color\"><strong>Clique em<\/strong> <a rel=\"noreferrer noopener\" href=\"https:\/\/felin.pro.br\/index.php\/perguntas-frequentes\/\" target=\"_blank\">Perguntas Frequentes<\/a> <strong>ou envie uma mensagem atrav\u00e9s do<\/strong> <strong>Fale Conosco<\/strong><\/span><\/p>\n\n\n\n<hr class=\"wp-block-separator\"\/>\n\n\n\n<div class=\"wp-block-buttons is-content-justification-center\">\n<div class=\"wp-block-button is-style-outline\"><a class=\"wp-block-button__link has-pale-cyan-blue-background-color has-background\" href=\"https:\/\/forms.gle\/ms1SoXhCwd1XgHH27\" target=\"_blank\" rel=\"noreferrer noopener\">Fale conosco<\/a><\/div>\n<\/div>\n\n\n\n<hr class=\"wp-block-separator\"\/>\n\n\n\n<p><strong>Normas para submiss\u00e3o dos textos completos para publica\u00e7\u00e3o<\/strong> [Prazo para o envio: 12\/10\/2022]<\/p>\n\n\n\n<p><strong>FORMATA\u00c7\u00c3O<\/strong><\/p>\n\n\n\n<ol type=\"1\"><li>Tipo de arquivo: Word for Windows (extens\u00f5es <strong>.doc<\/strong>, <strong>.docx<\/strong> ou <strong>.rtf<\/strong>);<\/li><li>Extens\u00e3o: de 8 a 12 p\u00e1ginas, incluindo-se espa\u00e7os e compreendidas dentro desse limite todas as partes do artigo;<\/li><li>Fonte: Times New Roman, tamanho 12;<\/li><li>Espa\u00e7o entre linhas: 1,5;<\/li><li>Formato da p\u00e1gina: A4;<\/li><li>Margens: 3 cm, com recuo de 1 cm em in\u00edcio de par\u00e1grafo;<\/li><li>Alinhamento do par\u00e1grafo: justificado;<\/li><li>P\u00e1ginas n\u00e3o numeradas;<\/li><li>Uso de it\u00e1lico para destacar palavras e express\u00f5es em l\u00edngua estrangeira (evitar express\u00f5es sublinhadas ou em mai\u00fasculas);<\/li><li>Texto escrito conforme a nova regra ortogr\u00e1fica;<\/li><li>Nome do arquivo: Artigo_NomedoAutor_n\u00famerodoGT.doc<\/li><\/ol>\n\n\n\n<p>(Exemplo: <strong>Artigo_Jo\u00e3odaSilva_GT2.doc<\/strong>);<\/p>\n\n\n\n<p><strong>ORDEM DAS PARTES DO ARTIGO<\/strong><\/p>\n\n\n\n<ol type=\"1\"><li>T\u00edtulo (em mai\u00fasculas, em negrito, alinhado \u00e0 esquerda);<\/li><li>Corpo do artigo (Introdu\u00e7\u00e3o; Itens e subitens correspondentes; Considera\u00e7\u00f5es Finais);<\/li><li>Refer\u00eancias (precedidas das palavras <strong>REFER\u00caNCIAS<\/strong> &#8211; em mai\u00fascula e em negrito); <strong>Incluir apenas textos realmente citados no artigo. Seguir as normas previstas no item II<\/strong>; <\/li><li>Notas, se houver. <strong>As notas devem ser de rodap\u00e9 e n\u00e3o notas de fim. Devem ser restritas ao m\u00ednimo indispens\u00e1vel. Seguir as normas previstas no item III<\/strong>;<\/li><li>Anexo(s), se houver. <strong>Obs.: Ilustra\u00e7\u00f5es n\u00e3o s\u00e3o consideradas anexos e devem ser tratadas de acordo com o item <\/strong><\/li><\/ol>\n\n\n\n<p>I<strong>. Cita\u00e7\u00f5es<\/strong><\/p>\n\n\n\n<p>Cita\u00e7\u00f5es com menos de 3 linhas: dentro do corpo do texto, entre aspas duplas, sem uso de it\u00e1lico.<\/p>\n\n\n\n<p>Cita\u00e7\u00f5es com mais de 3 linhas: destacadas do texto, com recuo de 2 cm, sem aspas, fonte Times New Roman tamanho 11, espa\u00e7o 1,5, alinhamento justificado.<\/p>\n\n\n\n<p>Em ambos os casos, o autor deve ser registrado ao final da cita\u00e7\u00e3o, entre par\u00eanteses pelo sobrenome, em mai\u00fasculas, separado por v\u00edrgula da data de publica\u00e7\u00e3o. Ex: (SILVA, 1987).<\/p>\n\n\n\n<p>Quando for necess\u00e1rio, a especifica\u00e7\u00e3o da(s) p\u00e1gina(s), essa informa\u00e7\u00e3o dever\u00e1 seguir a data, separada por v\u00edrgula e precedida de \u201cp.\u201d Ex: (SILVA, 1987, p. 100).<\/p>\n\n\n\n<p>Se o nome do autor estiver citado dentro do texto, pode-se apenas indicar a data e a p\u00e1gina (se necess\u00e1rio), entre par\u00eanteses. Ex: \u201cSilva (1987, p. 100) assinala que etc&#8230;\u201d<\/p>\n\n\n\n<p>As cita\u00e7\u00f5es de diversas obras de um mesmo autor, publicadas no mesmo ano, devem ser discriminadas por letras min\u00fasculas ap\u00f3s a data, sem espacejamento. Ex: (SILVA, 2000a).<\/p>\n\n\n\n<p>Quando a obra tiver dois ou tr\u00eas autores, todos poder\u00e3o ser indicados, separados por ponto e v\u00edrgula. Ex: (SILVA; SOARES; SOUZA, 2000).<\/p>\n\n\n\n<p>Quando houver mais de tr\u00eas autores, indica-se o primeiro seguido de \u201cet al.\u201d. Ex: (SILVA et al., 2000). <strong>N\u00e3o se deve usar notas de rodap\u00e9 ou de fim para identificar cita\u00e7\u00f5es<\/strong><\/p>\n\n\n\n<p>II. <strong>Refer\u00eancias<\/strong><\/p>\n\n\n\n<p>As <strong>refer\u00eancias<\/strong>, <strong>limitadas aos trabalhos efetivamente citados no texto<\/strong>, dever\u00e3o obedecer \u00e0s normas mais recentes da ABNT. A t\u00edtulo de exemplifica\u00e7\u00e3o, reproduz-se a seguir o padr\u00e3o a ser adotado para cita\u00e7\u00e3o de livro, cap\u00edtulo de livro, artigo e obra acessada via Internet. Para a formata\u00e7\u00e3o de outros tipos de obras, consultar a ABNT:<\/p>\n\n\n\n<p>Livro:<\/p>\n\n\n\n<p>SOBRENOME DO AUTOR, Nome do autor. <em>T\u00edtulo do Livro. <\/em>Local de publica\u00e7\u00e3o: Editora, Ano de publica\u00e7\u00e3o (Ano da publica\u00e7\u00e3o original, quando necess\u00e1rio).<\/p>\n\n\n\n<p>Exemplo:<\/p>\n\n\n\n<p>BAKHTIN, Mikhail. Quest\u00f5es de literatura e de est\u00e9tica, a teoria do romance. 4. ed. S\u00e3o Paulo: Hucitec, 1998 (1978).<\/p>\n\n\n\n<p>Cap\u00edtulo de livro:<\/p>\n\n\n\n<p>SOBRENOME DO AUTOR DO CAP\u00cdTULO, Nome do autor do cap\u00edtulo. T\u00edtulo do Cap\u00edtulo<em>. <\/em>In: SOBRENOME DO AUTOR\/EDITOR DO LIVRO, Nome do autor\/editor do livro. <em>T\u00edtulo do Livro. <\/em>Local de publica\u00e7\u00e3o: Editora, Ano de publica\u00e7\u00e3o (Ano da publica\u00e7\u00e3o original, quando necess\u00e1rio). N\u00famero das p\u00e1ginas, precedidos de \u201cp.\u201d<\/p>\n\n\n\n<p>Exemplo:<\/p>\n\n\n\n<p>HALL , Stuart. The Question of Cultural Identity. In: HALL , S.; HELD, D.; McGREW, T. (Ed.). <em>Modernity and its Futures. <\/em>Cambridge: Polity Press, 1992. p. 274-325.<\/p>\n\n\n\n<p>Artigo publicado em peri\u00f3dico:<\/p>\n\n\n\n<p>SOBRENOME DO AUTOR, Nome do autor. T\u00edtulo do artigo. In: <em>Nome do Peri\u00f3dico<\/em>. Local de publica\u00e7\u00e3o: Editora ou entidade respons\u00e1vel pela publica\u00e7\u00e3o, volume ou n\u00famero, ano de publica\u00e7\u00e3o (ano da publica\u00e7\u00e3o original, quando necess\u00e1rio). N\u00fameros inicial e final das p\u00e1ginas do artigo, precedidos de \u201cp.\u201d<\/p>\n\n\n\n<p>Exemplo:<\/p>\n\n\n\n<p>LANGER, Eliana Rosa. A estrutura do livro Esa\u00edas. In: <em>Revista de Estudos Orientais<\/em>. S\u00e3o Paulo: Humanitas\/FFLCH-USP, n. 3, 1999, p. 95-106.<\/p>\n\n\n\n<p>Obra acessada via Internet:<\/p>\n\n\n\n<p>SOBRENOME DO AUTOR, Nome do autor. T\u00edtulo do artigo ou <em>T\u00edtulo do Livro<\/em>. Dispon\u00edvel em: endere\u00e7o da p\u00e1gina. Acesso em: data do \u00faltimo acesso (Ano da publica\u00e7\u00e3o original, quando necess\u00e1rio). N\u00fameros das p\u00e1ginas inicial e final (se houver), precedidos de \u201cp.\u201d<\/p>\n\n\n\n<p>Exemplo:<\/p>\n\n\n\n<p>OLIVEIRA, Bernardo B. C. Leitura ir\u00f4nica do texto urbano. Apontamentos sobre uma frase de Walter Benjamin, \u00e0 luz de Poe e Auster. Dispon\u00edvel em:<br>&lt;http:\/\/www.revistaipotesi.ufjf.br\/volumes\/14\/cap06.pdf&gt;. Acesso em: 22 fev. 2008 (2004). p. 79-89<\/p>\n\n\n\n<p>III. <strong>Notas explicativas<\/strong><\/p>\n\n\n\n<p><strong>As notas explicativas devem ser restritas ao m\u00ednimo indispens\u00e1vel. <\/strong>Devem ser apresentadas <strong>como notas de rodap\u00e9<\/strong>, em fonte Times New Roman, tamanho 10, espa\u00e7o 1, alinhamento justificado, numeradas a partir de 1, usando-se para tal fim o recurso autom\u00e1tico do Word para cria\u00e7\u00e3o dessas notas<\/p>\n\n\n\n<p>IV. <strong>Ilustra\u00e7\u00f5es<\/strong><\/p>\n\n\n\n<p>As ilustra\u00e7\u00f5es devem ser restritas ao m\u00ednimo indispens\u00e1vel e n\u00e3o devem ser inseridas no arquivo de texto. Devem ser enviadas em formato gif ou bmp, em arquivos separados, nomeados da seguinte maneira: FIG_1NomedoAutor, FIG_2NomedoAutor etc. (Exemplo: FIG_1Jo\u00e3odaSilva). No arquivo do texto devem ser indicados os locais de sua inser\u00e7\u00e3o, identificados por FIG_1, FIG_2 etc.&nbsp;<\/p>\n\n\n\n<p><strong>Observa\u00e7\u00f5es<\/strong>:<\/p>\n\n\n\n<ul><li>Os artigos que nos forem submetidos ser\u00e3o avaliados e poder\u00e3o ser <em>aprovados<\/em> ou <em>aprovados com restri\u00e7\u00f5es<\/em> (caso no qual haver\u00e1 necessidade de ajustes para o trabalho). Caso as altera\u00e7\u00f5es solicitadas n\u00e3o sejam enviadas, o reserva-se o direito de n\u00e3o publicar o trabalho.<\/li><li>Tamb\u00e9m \u00e9 necess\u00e1rio enviar, no corpo do e-mail de envio do artigo, o nome completo do autor, telefone convencional, celular e e-mail. Ademais, ser\u00e1 preciso informar o n\u00famero e o t\u00edtulo do GT para o qual o artigo se destina.<\/li><\/ul>\n","protected":false},"excerpt":{"rendered":"<p>EVENTO PRESENCIAL OUVINTES (SEM APRESENTA\u00c7\u00c3O DE TRABALHOS) Alunos, professores e demais profissionais: R$ 50,00 Alunos de gradua\u00e7\u00e3o: isentos de taxa Forma de pagamento da taxa: PIX &#8211; felin.letrasuerj@gmail.com PARTICIPANTES (COM &#8230;<\/p>\n","protected":false},"author":1,"featured_media":0,"parent":0,"menu_order":0,"comment_status":"closed","ping_status":"closed","template":"","meta":[],"_links":{"self":[{"href":"https:\/\/felin.pro.br\/index.php\/wp-json\/wp\/v2\/pages\/87"}],"collection":[{"href":"https:\/\/felin.pro.br\/index.php\/wp-json\/wp\/v2\/pages"}],"about":[{"href":"https:\/\/felin.pro.br\/index.php\/wp-json\/wp\/v2\/types\/page"}],"author":[{"embeddable":true,"href":"https:\/\/felin.pro.br\/index.php\/wp-json\/wp\/v2\/users\/1"}],"replies":[{"embeddable":true,"href":"https:\/\/felin.pro.br\/index.php\/wp-json\/wp\/v2\/comments?post=87"}],"version-history":[{"count":24,"href":"https:\/\/felin.pro.br\/index.php\/wp-json\/wp\/v2\/pages\/87\/revisions"}],"predecessor-version":[{"id":253,"href":"https:\/\/felin.pro.br\/index.php\/wp-json\/wp\/v2\/pages\/87\/revisions\/253"}],"wp:attachment":[{"href":"https:\/\/felin.pro.br\/index.php\/wp-json\/wp\/v2\/media?parent=87"}],"curies":[{"name":"wp","href":"https:\/\/api.w.org\/{rel}","templated":true}]}}