{"id":83,"date":"2022-06-11T14:52:22","date_gmt":"2022-06-11T17:52:22","guid":{"rendered":"https:\/\/felin.pro.br\/?page_id=83"},"modified":"2022-10-14T12:55:04","modified_gmt":"2022-10-14T15:55:04","slug":"programacao","status":"publish","type":"page","link":"https:\/\/felin.pro.br\/index.php\/programacao\/","title":{"rendered":"Programa\u00e7\u00e3o"},"content":{"rendered":"\n<figure class=\"wp-block-image size-large is-style-default\"><img loading=\"lazy\" width=\"1000\" height=\"200\" src=\"http:\/\/felin.pro.br\/wp-content\/uploads\/2022\/06\/Cabecalhos-FELIN.png\" alt=\"\" class=\"wp-image-113\" srcset=\"https:\/\/felin.pro.br\/wp-content\/uploads\/2022\/06\/Cabecalhos-FELIN.png 1000w, https:\/\/felin.pro.br\/wp-content\/uploads\/2022\/06\/Cabecalhos-FELIN-300x60.png 300w, https:\/\/felin.pro.br\/wp-content\/uploads\/2022\/06\/Cabecalhos-FELIN-768x154.png 768w\" sizes=\"(max-width: 1000px) 100vw, 1000px\" \/><\/figure>\n\n\n\n<h2 class=\"has-text-align-center\">EVENTO PRESENCIAL <\/h2>\n\n\n\n<p class=\"has-text-align-right\"><em>Sujeita a altera\u00e7\u00f5es<\/em><\/p>\n\n\n\n<p>DATA: <strong><span class=\"has-inline-color has-vivid-red-color\">18\/10\/2022<\/span><\/strong> &#8211; Grupos de Trabalho <\/p>\n\n\n\n<p><strong>TURNO DA MANH\u00c3<\/strong> (<span class=\"has-inline-color has-luminous-vivid-orange-color\"><strong>das 9h00 \u00e0s 12h00<\/strong><\/span>): GT 01; GT 03; GT 06; GT 09; GT 12; GT14; GT 15; GT 18; GT 20; GT 21<\/p>\n\n\n\n<p><strong>TURNO DA TARDE<\/strong> (<span class=\"has-inline-color has-luminous-vivid-orange-color\"><strong>das 14h00 \u00e0s 17h00<\/strong><\/span>):  GT 02; GT 04; GT 07; GT 08; GT 10; GT 13; GT 16; GT 17; GT 19<\/p>\n\n\n\n<hr class=\"wp-block-separator\"\/>\n\n\n\n<p>DATA: <strong><span class=\"has-inline-color has-vivid-red-color\">19\/10\/2022<\/span>&#8211; <\/strong>Manh\u00e3<\/p>\n\n\n\n<p><span class=\"has-inline-color has-vivid-cyan-blue-color\"><strong>9h30<\/strong><\/span> &#8211; <strong>Cerim\u00f4nia de Abertura<\/strong>\u00a0\u00a0 \u00a0\u00a0\u00a0\u00a0\u00a0\u00a0\u00a0\u00a0\u00a0\u00a0\u00a0\u00a0\u00a0\u00a0\u00a0\u00a0\u00a0\u00a0\u00a0\u00a0\u00a0\u00a0\u00a0<\/p>\n\n\n\n<p><strong><span class=\"has-inline-color has-vivid-cyan-blue-color\">10h30<\/span><\/strong><span class=\"has-inline-color has-light-green-cyan-color\"> <\/span>&#8211; <strong>Confer\u00eancia de abertura<\/strong> &#8211; Professora Maria Helena de Moura Neves<\/p>\n\n\n\n<p>DATA: <strong>19\/10\/2022- <\/strong>Tarde<\/p>\n\n\n\n<p><span class=\"has-inline-color has-vivid-cyan-blue-color\"><strong>13h30<\/strong><\/span> &#8211; Mesa redonda &#8211; <strong>Pol\u00edticas lingu\u00edsticas e as rotas de mudan\u00e7a (estagna\u00e7\u00e3o) nas pesquisas e nos estudos em l\u00edngua portuguesa<\/strong><\/p>\n\n\n\n<p>Professora Maria Teresa Tedesco (UERJ)<\/p>\n\n\n\n<p>Professor F\u00e1bio Andr\u00e9 Cardoso Coelho (UFF)<\/p>\n\n\n\n<p>Professora\u00a0 Tania Maria Nunes de Lima Camara (UERJ)<\/p>\n\n\n\n<p><strong><span class=\"has-inline-color has-vivid-cyan-blue-color\">15h00<\/span><\/strong> &#8211; Intervalo<strong>\u00a0<\/strong><\/p>\n\n\n\n<p><strong><span class=\"has-inline-color has-vivid-cyan-blue-color\">15h15<\/span><\/strong> &#8211; <strong>Palestra<\/strong>: <em>Professora Homenageada<\/em>: Professora Maria Teresa Gon\u00e7alves Pereira<\/p>\n\n\n\n<hr class=\"wp-block-separator\"\/>\n\n\n\n<p>DATA: <strong><span class=\"has-inline-color has-vivid-red-color\">20\/10\/2022<\/span><\/strong> &#8211; Manh\u00e3<\/p>\n\n\n\n<p><strong><span class=\"has-inline-color has-vivid-cyan-blue-color\">8h30<\/span><\/strong> &#8211; Mesa redonda- \u00a0<strong>Da sintaxe ao discurso: contribui\u00e7\u00f5es para um tratamento mais produtivo da sintaxe<\/strong><\/p>\n\n\n\n<p class=\"has-text-align-left\">Professora Magda Bahia Schlee (UERJ)<\/p>\n\n\n\n<p class=\"has-text-align-left\">Professor Andr\u00e9 Nemi Conforte (UERJ)<\/p>\n\n\n\n<p class=\"has-text-align-left\">Professor\u00a0Ivo da Costa do Ros\u00e1rio (UFF)<\/p>\n\n\n\n<p><strong><span class=\"has-inline-color has-vivid-cyan-blue-color\">10h15<\/span><\/strong> &#8211; Intervalo<\/p>\n\n\n\n<p><strong><span class=\"has-inline-color has-vivid-cyan-blue-color\">10h30<\/span><\/strong> &#8211; <strong>Palestra<\/strong>: <em>Professora Homenageada<\/em>: Professora Darcilia\u00a0Marindir Pinto Sim\u00f5es (UERJ)<\/p>\n\n\n\n<p><strong>&nbsp;&nbsp;&nbsp;&nbsp;&nbsp;&nbsp;&nbsp;<\/strong><\/p>\n\n\n\n<p>DATA: <strong><span class=\"has-inline-color has-vivid-red-color\">20\/10\/2022<\/span><\/strong> &#8211; Tarde<\/p>\n\n\n\n<p><strong><span class=\"has-inline-color has-vivid-cyan-blue-color\">14h00<\/span><\/strong> &#8211; Mesa redonda &#8211; <strong>Descri\u00e7\u00e3o e ensino de portugu\u00eas em perspectiva n\u00e3o materna <\/strong><\/p>\n\n\n\n<p>Professor Alexandre do Amaral Ribeiro (UERJ)<\/p>\n\n\n\n<p>Professora Sheila Mejlachowicz (PUC-Rio)\u00a0 \u00a0\u00a0\u00a0\u00a0\u00a0\u00a0\u00a0\u00a0\u00a0\u00a0\u00a0\u00a0\u00a0\u00a0\u00a0\u00a0\u00a0\u00a0\u00a0\u00a0\u00a0\u00a0\u00a0\u00a0\u00a0\u00a0\u00a0\u00a0\u00a0\u00a0\u00a0\u00a0\u00a0\u00a0\u00a0\u00a0\u00a0\u00a0\u00a0\u00a0\u00a0\u00a0\u00a0\u00a0\u00a0\u00a0\u00a0\u00a0\u00a0\u00a0\u00a0\u00a0 <\/p>\n\n\n\n<p>Professor Oscar Mel\u00e9ndez Robles (UPC-Peru)<\/p>\n\n\n\n<p><strong><span class=\"has-inline-color has-vivid-cyan-blue-color\">16h00 <\/span><\/strong>&#8211; <strong>Palestra<\/strong>: <em>Professor Homenageado<\/em>: Professor Jos\u00e9 Carlos de Azeredo (UERJ)<\/p>\n\n\n\n<hr class=\"wp-block-separator\"\/>\n\n\n\n<p>DATA: <strong><span class=\"has-inline-color has-vivid-red-color\">21\/10\/2022<\/span><\/strong> &#8211; Manh\u00e3<\/p>\n\n\n\n<p><strong><span class=\"has-inline-color has-vivid-cyan-blue-color\">8h30<\/span><\/strong> &#8211; Mesa redonda \u2013 <strong>\u00a0O texto em diferentes perspectivas<\/strong><\/p>\n\n\n\n<p class=\"has-text-align-left\">Professora V\u00e2nia L\u00facia Rodrigues Dutra (UERJ)<\/p>\n\n\n\n<p class=\"has-text-align-left\">Professora Michelle Gomes Alonso (UERJ)<\/p>\n\n\n\n<p class=\"has-text-align-left\">Professora Glicia\u00a0Marili Azevedo de Medeiros Tinoco (UFRN)<\/p>\n\n\n\n<p><strong><span class=\"has-inline-color has-vivid-cyan-blue-color\">10h15 <\/span><\/strong>&#8211; Intervalo<\/p>\n\n\n\n<p><strong><span class=\"has-inline-color has-vivid-cyan-blue-color\">10h30 <\/span><\/strong>&#8211; <strong>Palestra:<\/strong> <em>Professor Homenageado<\/em>: Professor Hel\u00eanio Fonseca de Oliveira<\/p>\n\n\n\n<hr class=\"wp-block-separator\"\/>\n\n\n\n<p>DATA: <span class=\"has-inline-color has-vivid-red-color\"><strong>21\/10\/2022<\/strong> <\/span>&#8211; Tarde<\/p>\n\n\n\n<p><strong><span class=\"has-inline-color has-vivid-cyan-blue-color\">14h00<\/span><\/strong> &#8211; <strong>Palestra<\/strong>: <em>Professor Homenageado<\/em>: Professor Andr\u00e9 Crim Valente<\/p>\n\n\n\n<p><strong><span class=\"has-inline-color has-vivid-cyan-blue-color\">15h30<\/span><\/strong> &#8211; Apresenta\u00e7\u00e3o musical &#8211; Professor Andr\u00e9 Nemi Conforte<\/p>\n\n\n\n<p><strong><span class=\"has-inline-color has-vivid-cyan-blue-color\">16h00<\/span><\/strong> &#8211; <strong>Conversa com o professor e escritor:<\/strong> Professor Luiz Ant\u00f4nio Simas \u00a0\u00a0\u00a0\u00a0\u00a0\u00a0\u00a0\u00a0\u00a0\u00a0\u00a0\u00a0\u00a0\u00a0\u00a0\u00a0\u00a0\u00a0\u00a0\u00a0 \u00a0<\/p>\n\n\n\n<p><strong><em>Encerramento <\/em><\/strong><\/p>\n","protected":false},"excerpt":{"rendered":"<p>EVENTO PRESENCIAL Sujeita a altera\u00e7\u00f5es DATA: 18\/10\/2022 &#8211; Grupos de Trabalho TURNO DA MANH\u00c3 (das 9h00 \u00e0s 12h00): GT 01; GT 03; GT 06; GT 09; GT 12; GT14; GT &#8230;<\/p>\n","protected":false},"author":1,"featured_media":0,"parent":0,"menu_order":0,"comment_status":"closed","ping_status":"closed","template":"","meta":[],"_links":{"self":[{"href":"https:\/\/felin.pro.br\/index.php\/wp-json\/wp\/v2\/pages\/83"}],"collection":[{"href":"https:\/\/felin.pro.br\/index.php\/wp-json\/wp\/v2\/pages"}],"about":[{"href":"https:\/\/felin.pro.br\/index.php\/wp-json\/wp\/v2\/types\/page"}],"author":[{"embeddable":true,"href":"https:\/\/felin.pro.br\/index.php\/wp-json\/wp\/v2\/users\/1"}],"replies":[{"embeddable":true,"href":"https:\/\/felin.pro.br\/index.php\/wp-json\/wp\/v2\/comments?post=83"}],"version-history":[{"count":17,"href":"https:\/\/felin.pro.br\/index.php\/wp-json\/wp\/v2\/pages\/83\/revisions"}],"predecessor-version":[{"id":236,"href":"https:\/\/felin.pro.br\/index.php\/wp-json\/wp\/v2\/pages\/83\/revisions\/236"}],"wp:attachment":[{"href":"https:\/\/felin.pro.br\/index.php\/wp-json\/wp\/v2\/media?parent=83"}],"curies":[{"name":"wp","href":"https:\/\/api.w.org\/{rel}","templated":true}]}}