{"id":79,"date":"2022-06-11T14:41:54","date_gmt":"2022-06-11T17:41:54","guid":{"rendered":"https:\/\/felin.pro.br\/?page_id=79"},"modified":"2022-10-23T21:23:12","modified_gmt":"2022-10-24T00:23:12","slug":"organizacao","status":"publish","type":"page","link":"https:\/\/felin.pro.br\/index.php\/organizacao\/","title":{"rendered":"Organiza\u00e7\u00e3o"},"content":{"rendered":"\n<figure class=\"wp-block-image size-large\"><img loading=\"lazy\" width=\"1000\" height=\"200\" src=\"http:\/\/felin.pro.br\/wp-content\/uploads\/2022\/06\/Cabecalhos-FELIN.png\" alt=\"\" class=\"wp-image-113\" srcset=\"https:\/\/felin.pro.br\/wp-content\/uploads\/2022\/06\/Cabecalhos-FELIN.png 1000w, https:\/\/felin.pro.br\/wp-content\/uploads\/2022\/06\/Cabecalhos-FELIN-300x60.png 300w, https:\/\/felin.pro.br\/wp-content\/uploads\/2022\/06\/Cabecalhos-FELIN-768x154.png 768w\" sizes=\"(max-width: 1000px) 100vw, 1000px\" \/><\/figure>\n\n\n\n<p class=\"has-text-align-center\"><strong>[EM CONSTRU\u00c7\u00c3O]<\/strong><\/p>\n\n\n\n<div class=\"wp-block-group\"><div class=\"wp-block-group__inner-container\">\n<p><strong>COMISS\u00c3O EXECUTIVA<\/strong><\/p>\n\n\n\n<p>Alexandre do Amaral Ribeiro<\/p>\n\n\n\n<p>Andr\u00e9 Crim Valente<\/p>\n\n\n\n<p>Camille Roberta Ivantes Braz<\/p>\n\n\n\n<p>Denise Salim Santos <\/p>\n\n\n\n<p>Fl\u00e1vio de Aguiar Barbosa<\/p>\n\n\n\n<p>Tania Maria Nunes de Lima Camara<\/p>\n<\/div><\/div>\n\n\n\n<p><strong>COMISS\u00c3O ORGANIZADORA<\/strong><\/p>\n\n\n\n<p>Alexandre do Amaral Ribeiro <\/p>\n\n\n\n<p>Camille Roberta Ivantes Braz<\/p>\n\n\n\n<p>Denise Salim Santos<\/p>\n\n\n\n<p>Fl\u00e1vio de Aguiar Barbosa<\/p>\n\n\n\n<p>Tania Maria Nunes de Lima Camara<\/p>\n\n\n\n<p><strong>COMIT\u00ca CIENT\u00cdFICO<\/strong><\/p>\n\n\n\n<p>Alexandre do Amaral Ribeiro (UERJ)<\/p>\n\n\n\n<p>Andr\u00e9 Crim Valente (UERJ)<\/p>\n\n\n\n<p>Andr\u00e9 Nemi Conforte (UERJ)<\/p>\n\n\n\n<p>Camille Roberta Ivantes Braz (UERJ)<\/p>\n\n\n\n<p>Cynthia Elias Leles Vila\u00e7a (UERJ)<\/p>\n\n\n\n<p>Darcilia Marindir Pinto Sim\u00f5es (UERJ)&nbsp;&nbsp;<\/p>\n\n\n\n<p>Denise Salim Santos (UERJ)<\/p>\n\n\n\n<p>F\u00e1bio Andr\u00e9 Cardoso Coelho (UFF)<\/p>\n\n\n\n<p>Fl\u00e1vio de Aguiar Barbosa (UERJ)<\/p>\n\n\n\n<p>Glicia Marili Azevedo de Medeiros Tinoco (UFRN)<\/p>\n\n\n\n<p>Hel\u00eanio Fonseca de Oliveira (UERJ)<\/p>\n\n\n\n<p>Ivo da Costa do Ros\u00e1rio (UFF)<\/p>\n\n\n\n<p>Jefferson Evaristo (UERJ)<\/p>\n\n\n\n<p>Jos\u00e9 Carlos Santos de Azeredo (UERJ)<\/p>\n\n\n\n<p>Lucia Deborah Ara\u00fajo (CPII)<\/p>\n\n\n\n<p>Luiz Ant\u00f4nio Simas (UFRJ)&nbsp;&nbsp;&nbsp;&nbsp;&nbsp;&nbsp;&nbsp;&nbsp;&nbsp;&nbsp;&nbsp;&nbsp;&nbsp;&nbsp;&nbsp;&nbsp;&nbsp;&nbsp;&nbsp;&nbsp;&nbsp;<\/p>\n\n\n\n<p>Magda Bahia Schlee (UERJ)<\/p>\n\n\n\n<p>Marcelo Gomes Beauclair (UERJ)<\/p>\n\n\n\n<p>Marcelo Moraes Caetano (UERJ)<\/p>\n\n\n\n<p>Maria Helena de Moura Neves (UNESP)<\/p>\n\n\n\n<p>Maria Teresa Gon\u00e7alves Pereira (UERJ)<\/p>\n\n\n\n<p>Maria Teresa Tedesco Vilardo Abreu (UERJ)<\/p>\n\n\n\n<p>Michelle Gomes Alonso (UERJ)<\/p>\n\n\n\n<p>Oscar Mel\u00e9ndez Robles (UPC- Peru)<\/p>\n\n\n\n<p>Sheila Mejlachowicz (PUC-Rio)\u00a0\u00a0\u00a0\u00a0\u00a0\u00a0\u00a0\u00a0\u00a0\u00a0\u00a0\u00a0\u00a0\u00a0\u00a0\u00a0\u00a0\u00a0\u00a0\u00a0\u00a0\u00a0\u00a0\u00a0\u00a0\u00a0\u00a0\u00a0\u00a0\u00a0\u00a0\u00a0\u00a0\u00a0\u00a0\u00a0\u00a0\u00a0\u00a0\u00a0\u00a0\u00a0\u00a0\u00a0\u00a0\u00a0\u00a0\u00a0\u00a0\u00a0\u00a0\u00a0\u00a0<\/p>\n\n\n\n<p>Tania Maria Nunes de Lima Camara (UERJ)<\/p>\n\n\n\n<p>V\u00e2nia L\u00facia Rodrigues Dutra (UERJ)<\/p>\n","protected":false},"excerpt":{"rendered":"<p>[EM CONSTRU\u00c7\u00c3O] COMISS\u00c3O ORGANIZADORA Alexandre do Amaral Ribeiro Camille Roberta Ivantes Braz Denise Salim Santos Fl\u00e1vio de Aguiar Barbosa Tania Maria Nunes de Lima Camara COMIT\u00ca CIENT\u00cdFICO Alexandre do Amaral &#8230;<\/p>\n","protected":false},"author":1,"featured_media":0,"parent":0,"menu_order":0,"comment_status":"closed","ping_status":"closed","template":"","meta":[],"_links":{"self":[{"href":"https:\/\/felin.pro.br\/index.php\/wp-json\/wp\/v2\/pages\/79"}],"collection":[{"href":"https:\/\/felin.pro.br\/index.php\/wp-json\/wp\/v2\/pages"}],"about":[{"href":"https:\/\/felin.pro.br\/index.php\/wp-json\/wp\/v2\/types\/page"}],"author":[{"embeddable":true,"href":"https:\/\/felin.pro.br\/index.php\/wp-json\/wp\/v2\/users\/1"}],"replies":[{"embeddable":true,"href":"https:\/\/felin.pro.br\/index.php\/wp-json\/wp\/v2\/comments?post=79"}],"version-history":[{"count":7,"href":"https:\/\/felin.pro.br\/index.php\/wp-json\/wp\/v2\/pages\/79\/revisions"}],"predecessor-version":[{"id":250,"href":"https:\/\/felin.pro.br\/index.php\/wp-json\/wp\/v2\/pages\/79\/revisions\/250"}],"wp:attachment":[{"href":"https:\/\/felin.pro.br\/index.php\/wp-json\/wp\/v2\/media?parent=79"}],"curies":[{"name":"wp","href":"https:\/\/api.w.org\/{rel}","templated":true}]}}