{"id":5,"date":"2021-07-16T01:31:35","date_gmt":"2021-07-16T04:31:35","guid":{"rendered":"https:\/\/felin.pro.br\/?page_id=5"},"modified":"2022-10-23T19:40:27","modified_gmt":"2022-10-23T22:40:27","slug":"crie-seu-site-com-blocos","status":"publish","type":"page","link":"https:\/\/felin.pro.br\/","title":{"rendered":"Hist\u00f3rico"},"content":{"rendered":"\n<h2 class=\"alignwide has-text-align-wide has-gigantic-font-size\" style=\"line-height:1.1\"><\/h2>\n\n\n\n<figure class=\"wp-block-image alignwide size-large\"><img loading=\"lazy\" width=\"1000\" height=\"400\" src=\"https:\/\/felin.pro.br\/wp-content\/uploads\/2022\/06\/Banner-Site-FELIN.png\" alt=\"\" class=\"wp-image-115\" srcset=\"https:\/\/felin.pro.br\/wp-content\/uploads\/2022\/06\/Banner-Site-FELIN.png 1000w, https:\/\/felin.pro.br\/wp-content\/uploads\/2022\/06\/Banner-Site-FELIN-300x120.png 300w, https:\/\/felin.pro.br\/wp-content\/uploads\/2022\/06\/Banner-Site-FELIN-768x307.png 768w\" sizes=\"(max-width: 1000px) 100vw, 1000px\" \/><\/figure>\n\n\n\n<hr class=\"wp-block-separator\"\/>\n\n\n\n<p><strong><span class=\"has-inline-color has-vivid-red-color\">ATEN\u00c7\u00c3O: <\/span><\/strong><\/p>\n\n\n\n<p>Prezados(as) participantes do XIV FELIN &amp; II CILP, <\/p>\n\n\n\n<p>Comunicamos que fomos <span class=\"has-inline-color has-vivid-red-color\"><strong>informados de caso de COVID entre os participantes do nosso evento<\/strong><\/span>. Solicitamos que <strong><span class=\"has-inline-color has-vivid-cyan-blue-color\">fiquem atentos a poss\u00edveis sintomas<\/span><\/strong> e sugerimos fortemente que <span class=\"has-inline-color has-vivid-cyan-blue-color\"><strong>procurem assist\u00eancia m\u00e9dica, caso necess\u00e1rio<\/strong><\/span>. <\/p>\n\n\n\n<p>Atenciosamente, <\/p>\n\n\n\n<p>Comiss\u00e3o Executiva<\/p>\n\n\n\n<hr class=\"wp-block-separator\"\/>\n\n\n\n<p class=\"has-text-align-left\">O F\u00f3rum de Estudos Lingu\u00edsticos (FELIN) \u00e9 fruto de um trabalho de dedica\u00e7\u00e3o, empenho e envolvimento da equipe da Especialidade em L\u00edngua Portuguesa, iniciado em 1996, quando o Programa de P\u00f3s-Gradua\u00e7\u00e3o de L\u00edngua Portuguesa da UERJ realizou o primeiro F\u00f3rum, denominado \u201cL\u00edngua e Linguagem em Quest\u00e3o\u201d. A partir de ent\u00e3o, treze edi\u00e7\u00f5es deram continuidade ao evento: \u201cL\u00edngua, Lingu\u00edstica e Literatura: uma integra\u00e7\u00e3o para o ensino\u201d; \u201cAulas de Portugu\u00eas: perspectivas inovadoras\u201d; \u201cL\u00edngua Portuguesa em debate: conhecimento e ensino\u201d; \u201cLetras e Comunica\u00e7\u00e3o: uma parceria no ensino da L\u00edngua Portuguesa\u201d; \u201cL\u00edngua Portuguesa em vis\u00e3o transdisciplinar: rumos, conex\u00f5es, sentidos\u201d; \u201cL\u00edngua Portuguesa &amp; Cidadania\u201d; \u201cL\u00edngua Portuguesa e identidade: marcas culturais\u201d; \u201cL\u00edngua Portuguesa: educa\u00e7\u00e3o e mudan\u00e7a\u201d; \u201cL\u00edngua Portuguesa: descri\u00e7\u00e3o e ensino\u201d; \u201cL\u00edngua Portuguesa: a unidade, a varia\u00e7\u00e3o e suas representa\u00e7\u00f5es\u201d, \u201cL\u00edngua Portuguesa: tradi\u00e7\u00f5es e modernidade\u201d, \u201cO Portugu\u00eas daqui, dali e de l\u00e1: por uma l\u00edngua que nos una\u201d.<\/p>\n\n\n\n<p class=\"has-text-align-left\">Em todas as edi\u00e7\u00f5es, contamos com a participa\u00e7\u00e3o de nomes conceituados na \u00e1rea dos Estudos de L\u00edngua, professores e pesquisadores em plena atividade de ensino e pesquisa em universidades nacionais e estrangeiras. Em 2017, a Universidade do Estado do Rio de Janeiro, o Instituto de Letras e seu Programa de P\u00f3s-Gradua\u00e7\u00e3o em Letras (Especialidade em L\u00edngua Portuguesa), por ocasi\u00e3o do XIII FELIN, reconheceram o car\u00e1ter internacional que marca a hist\u00f3ria do FELIN, realizando simultaneamente o Primeiro Congresso Internacional de L\u00edngua Portuguesa (I CILP).<\/p>\n\n\n\n<p>Dessa forma, docentes e discentes de Institui\u00e7\u00f5es de Ensino Superior brasileiras e estrangeiras, bem como profissionais de \u00e1reas afins, que t\u00eam a palavra como principal instrumento de trabalho, ganharam merecidamente a amplia\u00e7\u00e3o de um espa\u00e7o ainda mais prop\u00edcio para trocas de informa\u00e7\u00f5es e de experi\u00eancias acerca de suas pesquisas e de seus interesses, por meio de explana\u00e7\u00f5es e debates sobre conte\u00fados e estrat\u00e9gias de ensino e de pesquisa de l\u00edngua portuguesa, concebida como o ponto axial da forma\u00e7\u00e3o da cidadania e de uni\u00e3o entre os diferentes povos e culturas que comp\u00f5em a rica e encantadora comunidade lus\u00f3fona.<\/p>\n\n\n\n<p>A proposta de realiza\u00e7\u00e3o do <strong>XIV FELIN \/ II CILP<\/strong> se volta para a necessidade de se retomarem as atividades acad\u00eamicas, dando prosseguimento ao objetivo da Universidade em produzir conhecimento, sempre almejando que os resultados atinjam a comunidade fora dos muros que a limitam, propondo um movimento de cont\u00ednua atualiza\u00e7\u00e3o. Assim, n\u00e3o s\u00f3 valoriza a pesquisa em si, mas a tamb\u00e9m a forma\u00e7\u00e3o docente. Da\u00ed a realiza\u00e7\u00e3o conjunta do II CILP.<\/p>\n\n\n\n<p>Pela relev\u00e2ncia destes eventos, que re\u00fanem em suas edi\u00e7\u00f5es participantes de todo o pa\u00eds, julgamos oportuna a<strong> comemora\u00e7\u00e3o de 25 anos de sucesso<\/strong>. \u00c9 tempo de homenagear aqueles professores que se mobilizaram para a sua cria\u00e7\u00e3o e manuten\u00e7\u00e3o, primando sempre pelo alto n\u00edvel de qualidade dos cursos e atividades realizadas pelo PGLETRAS\/ UERJ. <\/p>\n\n\n\n<p>Vivemos novos tempos, novas perspectivas se apresentam, mas o passado n\u00e3o pode ser esquecido. Cada passo dado foi fundamental para chegarmos at\u00e9 aqui, o que expressamos atrav\u00e9s do tema dessa edi\u00e7\u00e3o especial: <strong>&#8220;<em>Quando penso no futuro, n\u00e3o esque\u00e7o meu passado<\/em>: retrospectiva&#8221;<\/strong>. Quem bom que voc\u00ea chegou aqui conosco! <\/p>\n\n\n\n<p>Cordialmente,<\/p>\n\n\n\n<p>Comiss\u00e3o Executiva<\/p>\n\n\n\n<div class=\"wp-block-group alignfull\"><div class=\"wp-block-group__inner-container\"><\/div><\/div>\n\n\n\n<div style=\"height:50px\" aria-hidden=\"true\" class=\"wp-block-spacer\"><\/div>\n\n\n\n<div class=\"wp-block-columns alignwide are-vertically-aligned-top\">\n<div class=\"wp-block-column is-vertically-aligned-top\">\n<h3 class=\"has-text-align-center\">Programa de <\/h3>\n\n\n\n<h3 class=\"has-text-align-center\">P\u00f3s-gradua\u00e7\u00e3o em Letras<\/h3>\n\n\n\n<p class=\"has-text-align-left\">Este evento \u00e9 promovido pelo Programa de P\u00f3s-gradua\u00e7\u00e3o em Letras &#8211; \u00c1rea de Estudos de L\u00edngua &#8211; Especialidade de L\u00edngua Portuguesa<\/p>\n<\/div>\n\n\n\n<div class=\"wp-block-column is-vertically-aligned-top\">\n<h3>Comiss\u00e3o Executiva<\/h3>\n\n\n\n<p>Alexandre do Amaral Ribeiro<\/p>\n\n\n\n<p>Andr\u00e9 Crim Valente<\/p>\n\n\n\n<p>Camille Roberta Ivantes Braz<\/p>\n\n\n\n<p>Denise Salim Santos<\/p>\n\n\n\n<p>Fl\u00e1vio de Aguiar Barbosa<\/p>\n\n\n\n<p>Tania Maria Nunes de Lima Camara<\/p>\n<\/div>\n\n\n\n<div class=\"wp-block-column is-vertically-aligned-top\">\n<h3><a href=\"https:\/\/felin.pro.br\/index.php\/estante-do-felin\/\" target=\"_blank\" rel=\"noreferrer noopener\">Publica\u00e7\u00f5es<\/a><\/h3>\n\n\n\n<p>Visite a nossa estante para ter acesso \u00e0s \u00faltimas publica\u00e7\u00f5es do evento <\/p>\n<\/div>\n<\/div>\n\n\n\n<div style=\"height:100px\" aria-hidden=\"true\" class=\"wp-block-spacer\"><\/div>\n","protected":false},"excerpt":{"rendered":"<p>ATEN\u00c7\u00c3O: Prezados(as) participantes do XIV FELIN &amp; II CILP, Comunicamos que fomos informados de caso de COVID entre os participantes do nosso evento. Solicitamos que fiquem atentos a poss\u00edveis sintomas &#8230;<\/p>\n","protected":false},"author":1,"featured_media":0,"parent":0,"menu_order":0,"comment_status":"closed","ping_status":"closed","template":"","meta":[],"_links":{"self":[{"href":"https:\/\/felin.pro.br\/index.php\/wp-json\/wp\/v2\/pages\/5"}],"collection":[{"href":"https:\/\/felin.pro.br\/index.php\/wp-json\/wp\/v2\/pages"}],"about":[{"href":"https:\/\/felin.pro.br\/index.php\/wp-json\/wp\/v2\/types\/page"}],"author":[{"embeddable":true,"href":"https:\/\/felin.pro.br\/index.php\/wp-json\/wp\/v2\/users\/1"}],"replies":[{"embeddable":true,"href":"https:\/\/felin.pro.br\/index.php\/wp-json\/wp\/v2\/comments?post=5"}],"version-history":[{"count":17,"href":"https:\/\/felin.pro.br\/index.php\/wp-json\/wp\/v2\/pages\/5\/revisions"}],"predecessor-version":[{"id":248,"href":"https:\/\/felin.pro.br\/index.php\/wp-json\/wp\/v2\/pages\/5\/revisions\/248"}],"wp:attachment":[{"href":"https:\/\/felin.pro.br\/index.php\/wp-json\/wp\/v2\/media?parent=5"}],"curies":[{"name":"wp","href":"https:\/\/api.w.org\/{rel}","templated":true}]}}