{"id":217,"date":"2022-10-12T01:14:03","date_gmt":"2022-10-12T04:14:03","guid":{"rendered":"https:\/\/felin.pro.br\/?page_id=217"},"modified":"2022-10-17T22:41:51","modified_gmt":"2022-10-18T01:41:51","slug":"comunicacoes-em-grupos-de-trabalho","status":"publish","type":"page","link":"https:\/\/felin.pro.br\/index.php\/comunicacoes-em-grupos-de-trabalho\/","title":{"rendered":"Comunica\u00e7\u00f5es em Grupos de Trabalho"},"content":{"rendered":"\n<h2 class=\"has-text-align-center\"><em>Comunica\u00e7\u00f5es em GTs<\/em><\/h2>\n\n\n\n<p class=\"has-text-align-center\"><em><span class=\"has-inline-color has-vivid-purple-color\">Lista de trabalhos aprovados para apresenta\u00e7\u00e3o<\/span><\/em><\/p>\n\n\n\n<hr class=\"wp-block-separator\"\/>\n\n\n\n<ul><li><strong>GT01 <span class=\"has-inline-color has-vivid-red-color\">(Local: LIDIL\/Lab.02)<\/span> \u2013 Portugu\u00eas L\u00edngua N\u00e3o Materna: di\u00e1logos entre ensino, descri\u00e7\u00e3o e forma\u00e7\u00e3o<\/strong>\u00a0<strong>(MANH\u00c3)<\/strong><\/li><\/ul>\n\n\n\n<p>Ant\u00f4nio Jos\u00e9 da Silva<\/p>\n\n\n\n<p>Camille Roberta Ivantes Braz<\/p>\n\n\n\n<p>Cristiane Vieira Ribeiro de Oliveira<\/p>\n\n\n\n<p>D\u00e9bora Marinho Guerra<\/p>\n\n\n\n<p>Fellipe Fernandes Cavallero da Silva<\/p>\n\n\n\n<p>Jonas dos Santos Silva<\/p>\n\n\n\n<p>Luciana Fiuza de Sousa<\/p>\n\n\n\n<p>Patrick Santos de Melo<\/p>\n\n\n\n<hr class=\"wp-block-separator\"\/>\n\n\n\n<ul><li><strong>GT02 <strong><span class=\"has-inline-color has-vivid-red-color\">(Local: LIDIL\/Lab.04)<\/span><\/strong> \u2013 Texto e ensino: contribui\u00e7\u00e3o das abordagens discursivo-enunciativas<\/strong>\u00a0<strong>(TARDE)<\/strong><\/li><\/ul>\n\n\n\n<p>Aira Suzana Ribeiro Martins<\/p>\n\n\n\n<p>Claudia Moura da Rocha<\/p>\n\n\n\n<p>Danielle dos Santos Cleres<\/p>\n\n\n\n<p>Fernanda Farias de Freitas<\/p>\n\n\n\n<p>Leyliane Gomes da Silva<\/p>\n\n\n\n<p>Lou-Ann Kleppa<\/p>\n\n\n\n<p>L\u00facia Deborah Ara\u00fajo<\/p>\n\n\n\n<p>Nadja Pattresi de Souza e Silva<\/p>\n\n\n\n<p>Renata de Mello Santos Leviski<\/p>\n\n\n\n<hr class=\"wp-block-separator\"\/>\n\n\n\n<ul><li><strong>GT03 <strong><span class=\"has-inline-color has-vivid-red-color\">(Local: LIDIL\/Lab.03)<\/span><\/strong> \u2013 O mesmo objeto, m\u00faltiplos olhares: l\u00e9xico em foco\u00a0(MANH\u00c3)<\/strong><\/li><\/ul>\n\n\n\n<p>Alcebiades Martins Ar\u00eaas<\/p>\n\n\n\n<p>Darville Lizis Souza Moreth<\/p>\n\n\n\n<p>Edvaldo Sampaio Beliz\u00e1rio<\/p>\n\n\n\n<p>Jairo da Silva<\/p>\n\n\n\n<p>Jurandir Faria da Silva<\/p>\n\n\n\n<p>Maria Aparecida Cardoso Santos<\/p>\n\n\n\n<p>T\u00e2nia Regina dos Santos Fernandes<\/p>\n\n\n\n<p>Tatiane Mendes da Silva<\/p>\n\n\n\n<p>Thamiris Santos Halasz de Farias<\/p>\n\n\n\n<hr class=\"wp-block-separator\"\/>\n\n\n\n<ul><li><strong>GT04 <strong><strong><span class=\"has-inline-color has-vivid-red-color\">(Local: sala 11.058F)<\/span><\/strong><\/strong><\/strong> <strong>\u2013 L\u00edngua e discurso: propostas metodol\u00f3gicas para interpreta\u00e7\u00e3o de textos<\/strong>\u00a0<strong>(TARDE)<\/strong><\/li><\/ul>\n\n\n\n<p>Andrey Istvan Mendes Carvalho<\/p>\n\n\n\n<p>Camila Pinheirdo do Nascimento da Silva<\/p>\n\n\n\n<p>Douglas do Carmo Ara\u00fajo<\/p>\n\n\n\n<p>Evellyn Juliane da Rocha Brand\u00e3o<\/p>\n\n\n\n<p>Gisele Arruda Eckhardt<\/p>\n\n\n\n<p>J\u00f4natas Nascimento de Brito<\/p>\n\n\n\n<p>Marcia Andrade Morais Cabral<\/p>\n\n\n\n<hr class=\"wp-block-separator\"\/>\n\n\n\n<ul><li><strong>GT06 <strong><strong><span class=\"has-inline-color has-vivid-red-color\">(Local: LIDIL\/Lab.03)<\/span><\/strong><\/strong> \u2013 Cr\u00edtica textual: problemas, percursos e solu\u00e7\u00f5es<\/strong>\u00a0<strong>(MANH\u00c3)<\/strong><\/li><\/ul>\n\n\n\n<p>Julia Ara\u00fajo Borges<\/p>\n\n\n\n<hr class=\"wp-block-separator\"\/>\n\n\n\n<ul><li><strong>GT07 <strong><strong><span class=\"has-inline-color has-vivid-red-color\">(Local: sala 11.038F) <\/span><\/strong><\/strong>\u2013 Discurso da\/na m\u00eddia impressa e digital\u00a0(TARDE)<\/strong><\/li><\/ul>\n\n\n\n<p>Ana Paula Lima Santos<\/p>\n\n\n\n<p>Dilermando Moraes Costa<\/p>\n\n\n\n<p>Glaucia Dantas Leonardo<\/p>\n\n\n\n<p>Iuri Pavan Dias<\/p>\n\n\n\n<p>Maraline Aparecida Soares<\/p>\n\n\n\n<p>Miguel Rodrigues Netto<\/p>\n\n\n\n<p>Plinio Machado Vieira Junior<\/p>\n\n\n\n<p>Tha\u00eds Ferreira Bigate<\/p>\n\n\n\n<hr class=\"wp-block-separator\"\/>\n\n\n\n<ul><li><strong>GT08 <strong><span class=\"has-inline-color has-vivid-red-color\">(Local: LIDIL\/Lab.02)<\/span><\/strong><\/strong> <strong>\u2013 \u201cComo\u201d e \u201cpor que\u201d ensinar gram\u00e1tica na Educa\u00e7\u00e3o B\u00e1sica: relatos de experi\u00eancia de professores dos anos finais do Ensino Fundamental<\/strong>\u00a0<strong>(TARDE)<\/strong><\/li><\/ul>\n\n\n\n<p>Adriana Cristina Lopes Gon\u00e7alves Mallmann<\/p>\n\n\n\n<p>Bruna Iansen Basile<\/p>\n\n\n\n<p>L\u00edlia Alves Britto<\/p>\n\n\n\n<p>Monique Souza Santos<\/p>\n\n\n\n<p>Morgana Ribeiro dos Santos<\/p>\n\n\n\n<p>Patr\u00edcia Pimentel Marques C\u00easca<\/p>\n\n\n\n<p>Rosana da Silva Berg<\/p>\n\n\n\n<p>Thalita Fernandes Clemente<\/p>\n\n\n\n<hr class=\"wp-block-separator\"\/>\n\n\n\n<ul><li><strong>GT09 <strong><strong><span class=\"has-inline-color has-vivid-red-color\">(Local: sala 11.062F)<\/span><\/strong><\/strong> \u2013 Lingu\u00edstica textual e Ensino: propriedades, delimita\u00e7\u00f5es e perspectivas<\/strong>\u00a0<strong>(MANH\u00c3)<\/strong><\/li><\/ul>\n\n\n\n<p>Everaldo Lima de Ara\u00fajo<\/p>\n\n\n\n<p>Janayna Rocha da Silva<\/p>\n\n\n\n<p>L\u00eddia Rocha Moraes<\/p>\n\n\n\n<p>Luciana da Silva Gomes<\/p>\n\n\n\n<p>Manoel Felipe Santiago Filho<\/p>\n\n\n\n<p>Margareth Andrade Morais<\/p>\n\n\n\n<p>Rafael Guimar\u00e3es Nogueira<\/p>\n\n\n\n<p>Vitor de Moura Vivas<\/p>\n\n\n\n<p>V\u00edvian L\u00facia Xavier Pereira<\/p>\n\n\n\n<hr class=\"wp-block-separator\"\/>\n\n\n\n<ul><li><strong>GT10 <strong><strong><span class=\"has-inline-color has-vivid-red-color\">(Local: sala 11.032F)<\/span><\/strong><\/strong><\/strong> <strong>\u2013 Contribui\u00e7\u00f5es para uma educa\u00e7\u00e3o ativa h\u00edbrida<\/strong>\u00a0<strong>(TARDE)<\/strong><\/li><\/ul>\n\n\n\n<p>Bruno George Soares Neves<\/p>\n\n\n\n<p>F\u00e1bio Macedo Simas<\/p>\n\n\n\n<p>Gabriela Barreto de Oliveira<\/p>\n\n\n\n<p>Jo\u00e3o Paulo Bulh\u00f5es e Mattos<\/p>\n\n\n\n<p>Mateus Esteves de Oliveira<\/p>\n\n\n\n<hr class=\"wp-block-separator\"\/>\n\n\n\n<ul><li><strong>GT12 <strong><strong><span class=\"has-inline-color has-vivid-red-color\">(Local: LIDIL\/Lab.04)<\/span><\/strong><\/strong> \u2013\u00a0<strong>Hist\u00f3ria das Ideias lingu\u00edstico-gramaticais no\/do Brasil: passado, presente e futuro<\/strong><\/strong>\u00a0<strong>(MANH\u00c3)<\/strong><\/li><\/ul>\n\n\n\n<p>Adriana d&#8217;Albrieux de Carvalho<\/p>\n\n\n\n<p>Ana Carolina Neves Dias<\/p>\n\n\n\n<p>Bruna Alves Goulart<\/p>\n\n\n\n<p>Clara Bastos Faustino<\/p>\n\n\n\n<p>Fernanda Cruz de Oliveira Garcia<\/p>\n\n\n\n<p>Giulia Nascimento de Mello<\/p>\n\n\n\n<p>Janara Puchulate de Moraes<\/p>\n\n\n\n<p>Juciele Pereira Dias<\/p>\n\n\n\n<p>Kaya Ara\u00fajo Pereira<\/p>\n\n\n\n<p>Luciano Monteiro<\/p>\n\n\n\n<p>Michel Marques de Faria<\/p>\n\n\n\n<p>Thairly Mendes Santos<\/p>\n\n\n\n<p>Tha\u00eds de Ara\u00fajo da Costa<\/p>\n\n\n\n<hr class=\"wp-block-separator\"\/>\n\n\n\n<ul><li><strong>GT13  <strong><span class=\"has-inline-color has-vivid-red-color\">(Local: LIDIL\/Lab.03)<\/span><\/strong> \u2013\u00a0<strong>Met\u00e1fora, meton\u00edmia e integra\u00e7\u00e3o conceptual: investiga\u00e7\u00f5es sobre multimodalidade e uso lingu\u00edstico<\/strong><\/strong>\u00a0<strong>(TARDE)<\/strong><\/li><\/ul>\n\n\n\n<p>D\u00e9bora Cristina Nunes de Souza Le\u00e3o<\/p>\n\n\n\n<p>Elaine Nunes Gon\u00e7alves<\/p>\n\n\n\n<p>Gl\u00eania Aguiar Belarmino da Silva Sessa<\/p>\n\n\n\n<p>Michelle Silva de Lima Delfino<\/p>\n\n\n\n<p>Tatiana Goulart de Macedo Secundino<\/p>\n\n\n\n<p>Urandi Rosa Novais<\/p>\n\n\n\n<hr class=\"wp-block-separator\"\/>\n\n\n\n<ul><li><strong>GT14 <strong><strong><span class=\"has-inline-color has-vivid-red-color\">(Local: LIDIL\/Lab.03)<\/span><\/strong><\/strong>\u2013\u00a0<strong>Estudos da Linguagem e o Antirracismo<\/strong><\/strong>\u00a0<strong>(MANH\u00c3)<\/strong><\/li><\/ul>\n\n\n\n<p>Silvia Ad\u00e9lia Henrique Guimar\u00e3es<\/p>\n\n\n\n<hr class=\"wp-block-separator\"\/>\n\n\n\n<ul><li><strong>GT15 <strong><strong><span class=\"has-inline-color has-vivid-red-color\">(Local: sala 11.058F)<\/span><\/strong><\/strong> \u2013\u00a0<strong>Texto e gram\u00e1tica em perspectiva sist\u00eamico-funcional<\/strong><\/strong>\u00a0<strong>(MANH\u00c3)<\/strong><\/li><\/ul>\n\n\n\n<p>Alessandra Cristina Costa Mendes<\/p>\n\n\n\n<p>Graziela Schneider Urso<\/p>\n\n\n\n<p>H\u00e9rcules Santos da Silva<\/p>\n\n\n\n<p>Isabela Aparecida Canossa<\/p>\n\n\n\n<p>Isadora de Vasconcelos Pican\u00e7o<\/p>\n\n\n\n<p>Jordana Lenhardt<\/p>\n\n\n\n<p>Jos\u00e9 Marcone Ferreira da Costa<\/p>\n\n\n\n<p>Karoline Silva Angelici<\/p>\n\n\n\n<p>Maria Medianeira de Souza Thamara Santos de Castro<\/p>\n\n\n\n<hr class=\"wp-block-separator\"\/>\n\n\n\n<ul><li><strong>GT16 <\/strong><span class=\"has-inline-color has-vivid-red-color\"><strong><strong>(Local: LIDIL\/Lab.02)<\/strong><\/strong> <\/span><strong>\u2013\u00a0<strong>Diversidade lingu\u00edstica, gram\u00e1tica tradicional e ensino: oralidade e escrita<\/strong><\/strong>\u00a0<strong>(TARDE)<\/strong><\/li><\/ul>\n\n\n\n<p>Laila Hamdan<\/p>\n\n\n\n<p>Mari\u00e2ngela Luisa Vasconcelos Gon\u00e7alves<\/p>\n\n\n\n<p>Roberto Teixeira de Aguiar Junior<\/p>\n\n\n\n<hr class=\"wp-block-separator\"\/>\n\n\n\n<ul><li><strong>GT17 <strong><strong><span class=\"has-inline-color has-vivid-red-color\">(Local: sala 11.050F)<\/span><\/strong><\/strong> \u2013\u00a0<strong>Processos de desenvolvimento da escrita na escola b\u00e1sica: par\u00e2metros e Interfaces<\/strong><\/strong>\u00a0<strong>(TARDE)<\/strong><\/li><\/ul>\n\n\n\n<p>Adriene Ferreira de Mello<\/p>\n\n\n\n<p>Cristina Normandia<\/p>\n\n\n\n<p>Ev\u00e2nia Maria Ferreira do Nascimento<\/p>\n\n\n\n<p>Felipe de Andrade Constancio<\/p>\n\n\n\n<p>Hilma Ribeiro de Mendon\u00e7a Ferreira<\/p>\n\n\n\n<p>Manoel Felipe Santiago Filho<\/p>\n\n\n\n<p>M\u00e1rcia da Gama Silva Felipe<\/p>\n\n\n\n<hr class=\"wp-block-separator\"\/>\n\n\n\n<ul><li><strong>GT18 <strong><strong><span class=\"has-inline-color has-vivid-red-color\">(Local: sala 11.050F)<\/span><\/strong><\/strong><\/strong> <strong>\u2013\u00a0<strong>Ler para a escola, ler para a vida<\/strong><\/strong>\u00a0<strong>(MANH\u00c3)<\/strong><\/li><\/ul>\n\n\n\n<p>Ariane Wust de Freitas Francischini<\/p>\n\n\n\n<p>Catarina Borges de Oliveira Ribeiro<\/p>\n\n\n\n<p>Daniela Porte<\/p>\n\n\n\n<p>Danilo Augusto da Silva<\/p>\n\n\n\n<p>Izilene Leandro da Silva<\/p>\n\n\n\n<p>Luiz Carlos Coelho de Oliveira<\/p>\n\n\n\n<p>Pedro Manuel Napido<\/p>\n\n\n\n<p>Simone Lopes Benevides<\/p>\n\n\n\n<p>S\u00f4nia de Almeida Barbosa Grund<\/p>\n\n\n\n<hr class=\"wp-block-separator\"\/>\n\n\n\n<ul><li><strong>GT19 <strong><strong><span class=\"has-inline-color has-vivid-red-color\">(Local: sala 11.050F)<\/span><\/strong><\/strong><\/strong> <strong>\u2013\u00a0<strong>Por um ensino mais relevante da escrita argumentativa: relatos de experi\u00eancias na educa\u00e7\u00e3o b\u00e1sica<\/strong><\/strong>\u00a0<strong>(TARDE)<\/strong><\/li><\/ul>\n\n\n\n<p>Andrea Gomes Barbosa<\/p>\n\n\n\n<p>Helena Ferreira de Ara\u00fajo Langoni<\/p>\n\n\n\n<p>Luciana dos Santos Silva<\/p>\n\n\n\n<hr class=\"wp-block-separator\"\/>\n\n\n\n<ul><li><strong>GT20 <strong><strong><span class=\"has-inline-color has-vivid-red-color\">(Local: sala 11.038F)<\/span><\/strong><\/strong> \u2013 Linguagem e discurso na contemporaneidade<\/strong>\u00a0<strong>(MANH\u00c3)<\/strong><\/li><\/ul>\n\n\n\n<p>Adriano Menino de Mac\u00eado J\u00fanior<\/p>\n\n\n\n<p>Alexandre Henrique dos Santos Monteiro<\/p>\n\n\n\n<p>Mara R\u00fabia de Souza Rodrigues Morais<\/p>\n\n\n\n<p>Maria Th\u00e1rgilla Larissa Silva<\/p>\n\n\n\n<p>Patr\u00edcia Ribeiro Corado Fernandez<\/p>\n\n\n\n<p>Paula Pereira Soares da Silva<\/p>\n\n\n\n<p>Paula Pereira Soares da Silva<\/p>\n\n\n\n<p>Romulo Flores Dias Bolivar<\/p>\n\n\n\n<p>S\u00f4nia Renata Rodrigues<\/p>\n\n\n\n<p>Suellen Moutinho da Silva de Oliveira<\/p>\n\n\n\n<hr class=\"wp-block-separator\"\/>\n\n\n\n<ul><li><strong>GT21 <strong><strong><span class=\"has-inline-color has-vivid-red-color\">(Local: sala 11.032F)<\/span><\/strong><\/strong> \u2013 A An\u00e1lise Estil\u00edstica aplicada a g\u00eaneros liter\u00e1rios e n\u00e3o liter\u00e1rios<\/strong>\u00a0<strong>(MANH\u00c3)<\/strong><\/li><\/ul>\n\n\n\n<p>Alexandre Henrique dos Santos Monteiro <strong><\/strong><\/p>\n\n\n\n<p>Ana L\u00facia Monteiro Ramalho Poltronieri Martins<\/p>\n\n\n\n<p>Caroline Fernandes<\/p>\n\n\n\n<p>Hellen dos Santos Lira<\/p>\n\n\n\n<p>J\u00e9ssica Couto da Silva Mello<\/p>\n\n\n\n<p>Jos\u00e9 Arnaldo Guimar\u00e3es Filho<\/p>\n\n\n\n<p>Karina Seferian Ventura<\/p>\n\n\n\n<p>Lilian Cruz da Silva<\/p>\n\n\n\n<p>Renata Oliveira Carvalho<\/p>\n\n\n\n<p>Vanderson Manoel Soares da Silva<\/p>\n","protected":false},"excerpt":{"rendered":"<p>Comunica\u00e7\u00f5es em GTs Lista de trabalhos aprovados para apresenta\u00e7\u00e3o GT01 (Local: LIDIL\/Lab.02) \u2013 Portugu\u00eas L\u00edngua N\u00e3o Materna: di\u00e1logos entre ensino, descri\u00e7\u00e3o e forma\u00e7\u00e3o\u00a0(MANH\u00c3) Ant\u00f4nio Jos\u00e9 da Silva Camille Roberta Ivantes &#8230;<\/p>\n","protected":false},"author":1,"featured_media":0,"parent":0,"menu_order":0,"comment_status":"closed","ping_status":"closed","template":"","meta":[],"_links":{"self":[{"href":"https:\/\/felin.pro.br\/index.php\/wp-json\/wp\/v2\/pages\/217"}],"collection":[{"href":"https:\/\/felin.pro.br\/index.php\/wp-json\/wp\/v2\/pages"}],"about":[{"href":"https:\/\/felin.pro.br\/index.php\/wp-json\/wp\/v2\/types\/page"}],"author":[{"embeddable":true,"href":"https:\/\/felin.pro.br\/index.php\/wp-json\/wp\/v2\/users\/1"}],"replies":[{"embeddable":true,"href":"https:\/\/felin.pro.br\/index.php\/wp-json\/wp\/v2\/comments?post=217"}],"version-history":[{"count":6,"href":"https:\/\/felin.pro.br\/index.php\/wp-json\/wp\/v2\/pages\/217\/revisions"}],"predecessor-version":[{"id":242,"href":"https:\/\/felin.pro.br\/index.php\/wp-json\/wp\/v2\/pages\/217\/revisions\/242"}],"wp:attachment":[{"href":"https:\/\/felin.pro.br\/index.php\/wp-json\/wp\/v2\/media?parent=217"}],"curies":[{"name":"wp","href":"https:\/\/api.w.org\/{rel}","templated":true}]}}